{"id":1561,"date":"2024-03-13T13:52:52","date_gmt":"2024-03-13T13:52:52","guid":{"rendered":"https:\/\/kungfu.capitalb.ca\/?page_id=1561"},"modified":"2024-04-26T02:30:04","modified_gmt":"2024-04-26T02:30:04","slug":"notre-systeme","status":"publish","type":"page","link":"https:\/\/kungfucanada.ca\/?page_id=1561","title":{"rendered":"Notre Syst\u00e8me"},"content":{"rendered":"<p>[vc_row content_placement=&#8221;middle&#8221; type=&#8221;image&#8221; bg_color=&#8221;#211c1c&#8221; bg_attachment=&#8221;true&#8221; enable_parallax=&#8221;false&#8221; padding_top=&#8221;&#8221; padding_bottom=&#8221;&#8221;][vc_column][vc_single_image image=&#8221;921&#8243; img_size=&#8221;full&#8221; alignment=&#8221;center&#8221; full_width=&#8221;yes&#8221; css=&#8221;.vc_custom_1710451999791{padding-top: 20px !important;padding-bottom: 20px !important;}&#8221;][\/vc_column][\/vc_row][vc_row type=&#8221;color&#8221; bg_color=&#8221;#fafafa&#8221;][vc_column][vc_custom_heading text=&#8221;Notre Syst\u00e8me&#8221; font_container=&#8221;tag:h2|font_size:52px|text_align:center|color:%23030303|line_height:1.2&#8243; google_fonts=&#8221;font_family:EB%20Garamond%3Aregular|font_style:400%20regular%3A400%3Anormal&#8221; css_animation=&#8221;bounceIn&#8221;][vc_empty_space height=&#8221;10px&#8221;][vc_column_text text_color=&#8221;#030303&#8243; font_size=&#8221;17px&#8221; letter_spacing=&#8221;50&#8243; animation=&#8221;animate-when-visible&#8221; css_animation=&#8221;el-appear&#8221;]<\/p>\n<p style=\"text-align: center;\">L&#8217;entra\u00eenement aux arts martiaux est un voyage qui exige du d\u00e9vouement et de l&#8217;engagement.<\/p>\n<p style=\"text-align: center;\">Chez Kung-Fu Canada, nous fournissons les outils et les conseils n\u00e9cessaires pour vous aider \u00e0 atteindre vos objectifs.<\/p>\n<p style=\"text-align: center;\">L&#8217;entra\u00eenement incorpore une vari\u00e9t\u00e9 de techniques, ce qui permet aux \u00e9tudiants d&#8217;acqu\u00e9rir une compr\u00e9hension approfondie des arts martiaux.<\/p>\n<p>[\/vc_column_text][vc_row_inner][vc_column_inner width=&#8221;1\/3&#8243;][\/vc_column_inner][vc_column_inner width=&#8221;1\/3&#8243;][\/vc_column_inner][vc_column_inner width=&#8221;1\/3&#8243;][\/vc_column_inner][\/vc_row_inner][vc_empty_space][vc_row_inner gap=&#8221;10&#8243;][vc_column_inner width=&#8221;1\/3&#8243;][vc_single_image image=&#8221;1052&#8243; img_size=&#8221;large&#8221; alignment=&#8221;center&#8221; full_width=&#8221;yes&#8221;][vc_custom_heading text=&#8221;Frappe et Autod\u00e9fense&#8221; font_container=&#8221;tag:h2|font_size:20px|text_align:left|color:%23030303&#8243; google_fonts=&#8221;font_family:EB%20Garamond%3Aregular|font_style:400%20regular%3A400%3Anormal&#8221;][\/vc_column_inner][vc_column_inner width=&#8221;1\/3&#8243;][vc_single_image image=&#8221;1045&#8243; img_size=&#8221;large&#8221; alignment=&#8221;center&#8221; full_width=&#8221;yes&#8221;][vc_custom_heading text=&#8221;Travail au sol\/ Grappling&#8221; font_container=&#8221;tag:h2|font_size:20px|text_align:left|color:%23030303&#8243; google_fonts=&#8221;font_family:EB%20Garamond%3Aregular|font_style:400%20regular%3A400%3Anormal&#8221;][\/vc_column_inner][vc_column_inner width=&#8221;1\/3&#8243;][vc_single_image image=&#8221;1044&#8243; img_size=&#8221;full&#8221; alignment=&#8221;center&#8221; full_width=&#8221;yes&#8221;][vc_custom_heading text=&#8221;Armes et ensembles&#8221; font_container=&#8221;tag:h2|font_size:20px|text_align:left|color:%23030303&#8243; google_fonts=&#8221;font_family:EB%20Garamond%3Aregular|font_style:400%20regular%3A400%3Anormal&#8221;][\/vc_column_inner][\/vc_row_inner][vc_empty_space height=&#8221;100px&#8221;][vc_row_inner][vc_column_inner width=&#8221;1\/3&#8243;][vc_single_image image=&#8221;1675&#8243; img_size=&#8221;large&#8221; alignment=&#8221;center&#8221; full_width=&#8221;yes&#8221;][vc_custom_heading text=&#8221;Qui Gong&#8221; font_container=&#8221;tag:h2|font_size:20px|text_align:left|color:%23030303&#8243; google_fonts=&#8221;font_family:EB%20Garamond%3Aregular|font_style:400%20regular%3A400%3Anormal&#8221;][\/vc_column_inner][vc_column_inner width=&#8221;1\/3&#8243;][vc_single_image image=&#8221;1047&#8243; img_size=&#8221;large&#8221; alignment=&#8221;center&#8221; full_width=&#8221;yes&#8221;][vc_custom_heading text=&#8221;M\u00e9ditation&#8221; font_container=&#8221;tag:h2|font_size:20px|text_align:left|color:%23030303&#8243; google_fonts=&#8221;font_family:EB%20Garamond%3Aregular|font_style:400%20regular%3A400%3Anormal&#8221;][\/vc_column_inner][vc_column_inner width=&#8221;1\/3&#8243;][vc_single_image image=&#8221;1048&#8243; img_size=&#8221;large&#8221; alignment=&#8221;center&#8221; full_width=&#8221;yes&#8221;][vc_custom_heading text=&#8221;Formes mains vides&#8221; font_container=&#8221;tag:h2|font_size:20px|text_align:left|color:%23030303&#8243; google_fonts=&#8221;font_family:EB%20Garamond%3Aregular|font_style:400%20regular%3A400%3Anormal&#8221;][\/vc_column_inner][\/vc_row_inner][\/vc_column][\/vc_row][vc_row type=&#8221;color&#8221; bg_color=&#8221;#211c1c&#8221; visibility=&#8221;hidden-xs,hidden-sm&#8221;][vc_column width=&#8221;1\/3&#8243;][vc_single_image image=&#8221;1315&#8243; img_size=&#8221;large&#8221;][\/vc_column][vc_column width=&#8221;1\/6&#8243;][vc_empty_space]<div class=\"text-right\" ><a class=\"kleo-icon-anchor\" href=\"https:\/\/www.youtube.com\/channel\/UCiZTyGMHBfs9FhVB1AJj22Q\" target=\"_blank\"><i class=\"icon-youtube-play icon-2x\"><\/i><\/a><\/div>[\/vc_column][vc_column width=&#8221;1\/6&#8243;][vc_empty_space]<div class=\"text-left\" ><a class=\"kleo-icon-anchor\" href=\"https:\/\/www.facebook.com\/KungFuCanada\" target=\"_blank\"><i class=\"icon-facebook icon-2x\"><\/i><\/a><\/div>[\/vc_column][vc_column width=&#8221;1\/3&#8243;][vc_custom_heading text=&#8221;Contactez-nous&#8221; font_container=&#8221;tag:h2|font_size:24px|text_align:left|color:%23fafafa&#8221; google_fonts=&#8221;font_family:EB%20Garamond%3Aregular|font_style:400%20regular%3A400%3Anormal&#8221;][vc_column_text text_color=&#8221;#b2b2b2&#8243;]<span style=\"color: #999999;\"><strong>Laval, Qu\u00e9bec:<\/strong> 514-207-3699<\/span><\/p>\n<p><span style=\"color: #999999;\"><strong>Victoria, BC:<\/strong> 778-967-3748<\/span>[\/vc_column_text][\/vc_column][\/vc_row][vc_row type=&#8221;color&#8221; bg_color=&#8221;#211c1c&#8221; visibility=&#8221;hidden-md,hidden-lg,hidden-xlg&#8221;][vc_column width=&#8221;1\/3&#8243;][vc_single_image image=&#8221;1315&#8243; img_size=&#8221;large&#8221;][\/vc_column][vc_column width=&#8221;1\/6&#8243;][vc_empty_space]<div class=\"text-center\" ><a class=\"kleo-icon-anchor\" href=\"https:\/\/www.youtube.com\/channel\/UCiZTyGMHBfs9FhVB1AJj22Q\" target=\"_blank\"><i class=\"icon-youtube-play icon-2x\"><\/i><\/a><\/div>[\/vc_column][vc_column width=&#8221;1\/6&#8243;][vc_empty_space]<div class=\"text-center\" ><a class=\"kleo-icon-anchor\" href=\"https:\/\/www.facebook.com\/KungFuCanada\" target=\"_blank\"><i class=\"icon-facebook icon-2x\"><\/i><\/a><\/div>[\/vc_column][vc_column width=&#8221;1\/3&#8243;][vc_custom_heading text=&#8221;Contactez-nous&#8221; font_container=&#8221;tag:h2|font_size:24px|text_align:left|color:%23fafafa&#8221; google_fonts=&#8221;font_family:EB%20Garamond%3Aregular|font_style:400%20regular%3A400%3Anormal&#8221;][vc_column_text text_color=&#8221;#b2b2b2&#8243;]<span style=\"color: #999999;\"><strong>Laval, Qu\u00e9bec:<\/strong> 514-207-3699<\/span><\/p>\n<p><span style=\"color: #999999;\"><strong>Victoria, BC:<\/strong> 778-967-3748<\/span>[\/vc_column_text][\/vc_column][\/vc_row]<\/p>\n","protected":false},"excerpt":{"rendered":"<p>[vc_row content_placement=&#8221;middle&#8221; type=&#8221;image&#8221; bg_color=&#8221;#211c1c&#8221; bg_attachment=&#8221;true&#8221; enable_parallax=&#8221;false&#8221; padding_top=&#8221;&#8221; padding_bottom=&#8221;&#8221;][vc_column][vc_single_image image=&#8221;921&#8243; img_size=&#8221;full&#8221; alignment=&#8221;center&#8221; full_width=&#8221;yes&#8221; css=&#8221;.vc_custom_1710451999791{padding-top: 20px !important;padding-bottom: 20px !important;}&#8221;][\/vc_column][\/vc_row][vc_row type=&#8221;color&#8221; bg_color=&#8221;#fafafa&#8221;][vc_column][vc_custom_heading text=&#8221;Notre Syst\u00e8me&#8221; font_container=&#8221;tag:h2|font_size:52px|text_align:center|color:%23030303|line_height:1.2&#8243; google_fonts=&#8221;font_family:EB%20Garamond%3Aregular|font_style:400%20regular%3A400%3Anormal&#8221; css_animation=&#8221;bounceIn&#8221;][vc_empty_space height=&#8221;10px&#8221;][vc_column_text text_color=&#8221;#030303&#8243; font_size=&#8221;17px&#8221; letter_spacing=&#8221;50&#8243; animation=&#8221;animate-when-visible&#8221; css_animation=&#8221;el-appear&#8221;] L&#8217;entra\u00eenement aux arts martiaux est un voyage qui exige du d\u00e9vouement et de l&#8217;engagement. Chez Kung-Fu Canada, nous fournissons les outils et les conseils n\u00e9cessaires pour vous aider \u00e0 atteindre [&hellip;]<\/p>\n","protected":false},"author":1,"featured_media":0,"parent":0,"menu_order":0,"comment_status":"closed","ping_status":"closed","template":"","meta":{"footnotes":""},"class_list":["post-1561","page","type-page","status-publish","hentry"],"_links":{"self":[{"href":"https:\/\/kungfucanada.ca\/index.php?rest_route=\/wp\/v2\/pages\/1561","targetHints":{"allow":["GET"]}}],"collection":[{"href":"https:\/\/kungfucanada.ca\/index.php?rest_route=\/wp\/v2\/pages"}],"about":[{"href":"https:\/\/kungfucanada.ca\/index.php?rest_route=\/wp\/v2\/types\/page"}],"author":[{"embeddable":true,"href":"https:\/\/kungfucanada.ca\/index.php?rest_route=\/wp\/v2\/users\/1"}],"replies":[{"embeddable":true,"href":"https:\/\/kungfucanada.ca\/index.php?rest_route=%2Fwp%2Fv2%2Fcomments&post=1561"}],"version-history":[{"count":12,"href":"https:\/\/kungfucanada.ca\/index.php?rest_route=\/wp\/v2\/pages\/1561\/revisions"}],"predecessor-version":[{"id":1676,"href":"https:\/\/kungfucanada.ca\/index.php?rest_route=\/wp\/v2\/pages\/1561\/revisions\/1676"}],"wp:attachment":[{"href":"https:\/\/kungfucanada.ca\/index.php?rest_route=%2Fwp%2Fv2%2Fmedia&parent=1561"}],"curies":[{"name":"wp","href":"https:\/\/api.w.org\/{rel}","templated":true}]}}