{"id":1552,"date":"2024-03-13T13:12:07","date_gmt":"2024-03-13T13:12:07","guid":{"rendered":"https:\/\/kungfu.capitalb.ca\/?page_id=1552"},"modified":"2024-04-27T15:12:24","modified_gmt":"2024-04-27T15:12:24","slug":"contactez-nous","status":"publish","type":"page","link":"https:\/\/kungfucanada.ca\/?page_id=1552","title":{"rendered":"Contactez-nous"},"content":{"rendered":"<p>[vc_row el_id=&#8221;contact&#8221; type=&#8221;color&#8221; bg_color=&#8221;#211c1c&#8221;][vc_column width=&#8221;1\/2&#8243;][vc_single_image image=&#8221;936&#8243; img_size=&#8221;full&#8221; alignment=&#8221;center&#8221; full_width=&#8221;yes&#8221;][\/vc_column][vc_column width=&#8221;1\/2&#8243;][vc_custom_heading text=&#8221;Contactez-nous&#8221; font_container=&#8221;tag:h2|font_size:48px|text_align:center|color:%238c1313|line_height:1.2&#8243; google_fonts=&#8221;font_family:EB%20Garamond%3Aregular|font_style:400%20regular%3A400%3Anormal&#8221;][vc_column_text text_color=&#8221;#fafafa&#8221; font_size=&#8221;13pt&#8221; line_height=&#8221;1.5em&#8221;]N&#8217;h\u00e9sitez pas \u00e0 nous contacter.<\/p>\n<p>Nous nous ferons un plaisir de r\u00e9pondre \u00e0 vos questions.[\/vc_column_text]\n<div class=\"wpcf7 no-js\" id=\"wpcf7-f1606-o1\" lang=\"en-US\" dir=\"ltr\">\n<div class=\"screen-reader-response\"><p role=\"status\" aria-live=\"polite\" aria-atomic=\"true\"><\/p> <ul><\/ul><\/div>\n<form action=\"\/index.php?rest_route=%2Fwp%2Fv2%2Fpages%2F1552#wpcf7-f1606-o1\" method=\"post\" class=\"wpcf7-form init\" aria-label=\"Contact form\" novalidate=\"novalidate\" data-status=\"init\">\n<div style=\"display: none;\">\n<input type=\"hidden\" name=\"_wpcf7\" value=\"1606\" \/>\n<input type=\"hidden\" name=\"_wpcf7_version\" value=\"5.9.3\" \/>\n<input type=\"hidden\" name=\"_wpcf7_locale\" value=\"en_US\" \/>\n<input type=\"hidden\" name=\"_wpcf7_unit_tag\" value=\"wpcf7-f1606-o1\" \/>\n<input type=\"hidden\" name=\"_wpcf7_container_post\" value=\"0\" \/>\n<input type=\"hidden\" name=\"_wpcf7_posted_data_hash\" value=\"\" \/>\n<\/div>\n<p><label> Nom<br \/>\n<span class=\"wpcf7-form-control-wrap\" data-name=\"your-name\"><input size=\"40\" class=\"wpcf7-form-control wpcf7-text wpcf7-validates-as-required\" autocomplete=\"name\" aria-required=\"true\" aria-invalid=\"false\" value=\"\" type=\"text\" name=\"your-name\" \/><\/span> <\/label>\n<\/p>\n<p><label> Email<br \/>\n<span class=\"wpcf7-form-control-wrap\" data-name=\"your-email\"><input size=\"40\" class=\"wpcf7-form-control wpcf7-email wpcf7-validates-as-required wpcf7-text wpcf7-validates-as-email\" autocomplete=\"email\" aria-required=\"true\" aria-invalid=\"false\" value=\"\" type=\"email\" name=\"your-email\" \/><\/span> <\/label>\n<\/p>\n<p><label> Sujet<br \/>\n<span class=\"wpcf7-form-control-wrap\" data-name=\"your-subject\"><input size=\"40\" class=\"wpcf7-form-control wpcf7-text wpcf7-validates-as-required\" aria-required=\"true\" aria-invalid=\"false\" value=\"\" type=\"text\" name=\"your-subject\" \/><\/span> <\/label>\n<\/p>\n<p><label> Message<br \/>\n<span class=\"wpcf7-form-control-wrap\" data-name=\"your-message\"><textarea cols=\"40\" rows=\"10\" class=\"wpcf7-form-control wpcf7-textarea\" aria-invalid=\"false\" name=\"your-message\"><\/textarea><\/span> <\/label>\n<\/p>\n<p><input class=\"wpcf7-form-control wpcf7-submit has-spinner\" type=\"submit\" value=\"Soumettre\" \/>\n<\/p><div class=\"wpcf7-response-output\" aria-hidden=\"true\"><\/div>\n<\/form>\n<\/div>\n[\/vc_column][\/vc_row][vc_row type=&#8221;color&#8221; bg_color=&#8221;#211c1c&#8221; visibility=&#8221;hidden-xs,hidden-sm&#8221;][vc_column width=&#8221;1\/3&#8243;][vc_single_image image=&#8221;1315&#8243; img_size=&#8221;large&#8221;][\/vc_column][vc_column width=&#8221;1\/6&#8243;][vc_empty_space]<div class=\"text-right\" ><a class=\"kleo-icon-anchor\" href=\"https:\/\/www.youtube.com\/channel\/UCiZTyGMHBfs9FhVB1AJj22Q\" target=\"_blank\"><i class=\"icon-youtube-play icon-2x\"><\/i><\/a><\/div>[\/vc_column][vc_column width=&#8221;1\/6&#8243;][vc_empty_space]<div class=\"text-left\" ><a class=\"kleo-icon-anchor\" href=\"https:\/\/www.facebook.com\/KungFuCanada\" target=\"_blank\"><i class=\"icon-facebook icon-2x\"><\/i><\/a><\/div>[\/vc_column][vc_column width=&#8221;1\/3&#8243;][vc_custom_heading text=&#8221;Contactez-nous&#8221; font_container=&#8221;tag:h2|font_size:24px|text_align:left|color:%23fafafa&#8221; google_fonts=&#8221;font_family:EB%20Garamond%3Aregular|font_style:400%20regular%3A400%3Anormal&#8221;][vc_column_text text_color=&#8221;#b2b2b2&#8243;]<span style=\"color: #999999;\"><strong>Laval, Qu\u00e9bec:<\/strong> 514-207-3699<\/span><\/p>\n<p><span style=\"color: #999999;\"><strong>Victoria, BC:<\/strong> 778-967-3748<\/span>[\/vc_column_text][\/vc_column][\/vc_row][vc_row type=&#8221;color&#8221; bg_color=&#8221;#211c1c&#8221; visibility=&#8221;hidden-md,hidden-lg,hidden-xlg&#8221;][vc_column width=&#8221;1\/3&#8243;][vc_single_image image=&#8221;1315&#8243; img_size=&#8221;large&#8221;][\/vc_column][vc_column width=&#8221;1\/6&#8243;][vc_empty_space]<div class=\"text-center\" ><a class=\"kleo-icon-anchor\" href=\"https:\/\/www.youtube.com\/channel\/UCiZTyGMHBfs9FhVB1AJj22Q\" target=\"_blank\"><i class=\"icon-youtube-play icon-2x\"><\/i><\/a><\/div>[\/vc_column][vc_column width=&#8221;1\/6&#8243;][vc_empty_space]<div class=\"text-center\" ><a class=\"kleo-icon-anchor\" href=\"https:\/\/www.facebook.com\/KungFuCanada\" target=\"_blank\"><i class=\"icon-facebook icon-2x\"><\/i><\/a><\/div>[\/vc_column][vc_column width=&#8221;1\/3&#8243;][vc_custom_heading text=&#8221;Contactez-nous&#8221; font_container=&#8221;tag:h2|font_size:24px|text_align:left|color:%23fafafa&#8221; google_fonts=&#8221;font_family:EB%20Garamond%3Aregular|font_style:400%20regular%3A400%3Anormal&#8221;][vc_column_text text_color=&#8221;#b2b2b2&#8243;]<span style=\"color: #999999;\"><strong>Laval, Qu\u00e9bec:<\/strong> 514-207-3699<\/span><\/p>\n<p><span style=\"color: #999999;\"><strong>Victoria, BC:<\/strong> 778-967-3748<\/span>[\/vc_column_text][\/vc_column][\/vc_row]<\/p>\n","protected":false},"excerpt":{"rendered":"<p>[vc_row el_id=&#8221;contact&#8221; type=&#8221;color&#8221; bg_color=&#8221;#211c1c&#8221;][vc_column width=&#8221;1\/2&#8243;][vc_single_image image=&#8221;936&#8243; img_size=&#8221;full&#8221; alignment=&#8221;center&#8221; full_width=&#8221;yes&#8221;][\/vc_column][vc_column width=&#8221;1\/2&#8243;][vc_custom_heading text=&#8221;Contactez-nous&#8221; font_container=&#8221;tag:h2|font_size:48px|text_align:center|color:%238c1313|line_height:1.2&#8243; google_fonts=&#8221;font_family:EB%20Garamond%3Aregular|font_style:400%20regular%3A400%3Anormal&#8221;][vc_column_text text_color=&#8221;#fafafa&#8221; font_size=&#8221;13pt&#8221; line_height=&#8221;1.5em&#8221;]N&#8217;h\u00e9sitez pas \u00e0 nous contacter. Nous nous ferons un plaisir de r\u00e9pondre \u00e0 vos questions.[\/vc_column_text][\/vc_column][\/vc_row][vc_row type=&#8221;color&#8221; bg_color=&#8221;#211c1c&#8221; visibility=&#8221;hidden-xs,hidden-sm&#8221;][vc_column width=&#8221;1\/3&#8243;][vc_single_image image=&#8221;1315&#8243; img_size=&#8221;large&#8221;][\/vc_column][vc_column width=&#8221;1\/6&#8243;][vc_empty_space][\/vc_column][vc_column width=&#8221;1\/6&#8243;][vc_empty_space][\/vc_column][vc_column width=&#8221;1\/3&#8243;][vc_custom_heading text=&#8221;Contactez-nous&#8221; font_container=&#8221;tag:h2|font_size:24px|text_align:left|color:%23fafafa&#8221; google_fonts=&#8221;font_family:EB%20Garamond%3Aregular|font_style:400%20regular%3A400%3Anormal&#8221;][vc_column_text text_color=&#8221;#b2b2b2&#8243;]Laval, Qu\u00e9bec: 514-207-3699 Victoria, BC: 778-967-3748[\/vc_column_text][\/vc_column][\/vc_row][vc_row type=&#8221;color&#8221; bg_color=&#8221;#211c1c&#8221; visibility=&#8221;hidden-md,hidden-lg,hidden-xlg&#8221;][vc_column width=&#8221;1\/3&#8243;][vc_single_image image=&#8221;1315&#8243; img_size=&#8221;large&#8221;][\/vc_column][vc_column width=&#8221;1\/6&#8243;][vc_empty_space][\/vc_column][vc_column width=&#8221;1\/6&#8243;][vc_empty_space][\/vc_column][vc_column width=&#8221;1\/3&#8243;][vc_custom_heading text=&#8221;Contactez-nous&#8221; font_container=&#8221;tag:h2|font_size:24px|text_align:left|color:%23fafafa&#8221; google_fonts=&#8221;font_family:EB%20Garamond%3Aregular|font_style:400%20regular%3A400%3Anormal&#8221;][vc_column_text [&hellip;]<\/p>\n","protected":false},"author":1,"featured_media":0,"parent":0,"menu_order":0,"comment_status":"closed","ping_status":"closed","template":"","meta":{"footnotes":""},"class_list":["post-1552","page","type-page","status-publish","hentry"],"_links":{"self":[{"href":"https:\/\/kungfucanada.ca\/index.php?rest_route=\/wp\/v2\/pages\/1552","targetHints":{"allow":["GET"]}}],"collection":[{"href":"https:\/\/kungfucanada.ca\/index.php?rest_route=\/wp\/v2\/pages"}],"about":[{"href":"https:\/\/kungfucanada.ca\/index.php?rest_route=\/wp\/v2\/types\/page"}],"author":[{"embeddable":true,"href":"https:\/\/kungfucanada.ca\/index.php?rest_route=\/wp\/v2\/users\/1"}],"replies":[{"embeddable":true,"href":"https:\/\/kungfucanada.ca\/index.php?rest_route=%2Fwp%2Fv2%2Fcomments&post=1552"}],"version-history":[{"count":4,"href":"https:\/\/kungfucanada.ca\/index.php?rest_route=\/wp\/v2\/pages\/1552\/revisions"}],"predecessor-version":[{"id":1690,"href":"https:\/\/kungfucanada.ca\/index.php?rest_route=\/wp\/v2\/pages\/1552\/revisions\/1690"}],"wp:attachment":[{"href":"https:\/\/kungfucanada.ca\/index.php?rest_route=%2Fwp%2Fv2%2Fmedia&parent=1552"}],"curies":[{"name":"wp","href":"https:\/\/api.w.org\/{rel}","templated":true}]}}