{"id":1547,"date":"2024-03-13T13:08:57","date_gmt":"2024-03-13T13:08:57","guid":{"rendered":"https:\/\/kungfu.capitalb.ca\/?page_id=1547"},"modified":"2024-04-26T02:31:33","modified_gmt":"2024-04-26T02:31:33","slug":"classes-fr","status":"publish","type":"page","link":"https:\/\/kungfucanada.ca\/?page_id=1547","title":{"rendered":"Classes FR"},"content":{"rendered":"<p>[vc_row type=&#8221;color&#8221; bg_color=&#8221;#211c1c&#8221;][vc_column][vc_row_inner][vc_column_inner width=&#8221;1\/3&#8243;][vc_empty_space height=&#8221;60px&#8221;][vc_custom_heading text=&#8221;Cours &amp; Formations&#8221; font_container=&#8221;tag:h2|font_size:55px|text_align:center|color:%23fafafa|line_height:1.5&#8243; google_fonts=&#8221;font_family:EB%20Garamond%3Aregular|font_style:400%20regular%3A400%3Anormal&#8221;][vc_empty_space height=&#8221;60px&#8221;][vc_btn title=&#8221;S&#8217;inscrire&#8221; style=&#8221;custom&#8221; custom_background=&#8221;#9f2b1e&#8221; custom_text=&#8221;#fafafa&#8221; size=&#8221;lg&#8221; align=&#8221;center&#8221; link=&#8221;url:http%3A%2F%2Fkungfucanada.ca%2F%3Fpage_id%3D1552%26lang%3Dfr|title:Contact&#8221;][\/vc_column_inner][vc_column_inner width=&#8221;2\/3&#8243;][vc_single_image image=&#8221;930&#8243; img_size=&#8221;full&#8221; alignment=&#8221;center&#8221; full_width=&#8221;yes&#8221;][\/vc_column_inner][\/vc_row_inner][\/vc_column][\/vc_row][vc_row type=&#8221;color&#8221; bg_color=&#8221;#211c1c&#8221;][vc_column width=&#8221;1\/2&#8243;][vc_empty_space height=&#8221;60px&#8221;][vc_custom_heading text=&#8221;Nous sommes plus qu&#8217;une \u00e9cole.&#8221; font_container=&#8221;tag:h2|font_size:48px|text_align:left|color:%23fafafa|line_height:1.2&#8243; google_fonts=&#8221;font_family:EB%20Garamond%3Aregular|font_style:400%20regular%3A400%3Anormal&#8221;][vc_custom_heading text=&#8221;Nous sommes une famille.&#8221; font_container=&#8221;tag:h2|font_size:48px|text_align:left|color:%23fafafa|line_height:1.2&#8243; google_fonts=&#8221;font_family:EB%20Garamond%3Aregular|font_style:400%20regular%3A400%3Anormal&#8221;][vc_empty_space height=&#8221;15px&#8221;][vc_column_text text_color=&#8221;#fafafa&#8221; font_size=&#8221;17px&#8221; line_height=&#8221;1.5em&#8221;]Chez Kung-Fu Canada, nous croyons que les meilleurs r\u00e9sultats sont obtenus par l&#8217;encouragement et le soutien.<\/p>\n<p>Les d\u00e9butants re\u00e7oivent un enseignement individuel jusqu&#8217;\u00e0 ce qu&#8217;ils soient pr\u00eats \u00e0 se joindre \u00e0 une classe d&#8217;habilet\u00e9s. Des classes restreintes et cibl\u00e9es permettent \u00e0 chaque \u00e9tudiant de b\u00e9n\u00e9ficier d&#8217;une exp\u00e9rience d&#8217;apprentissage adapt\u00e9e \u00e0 ses besoins individuels.<\/p>\n<p>Les cours en groupe sont limit\u00e9s \u00e0 un maximum de 10 \u00e9tudiants et sont con\u00e7us pour s&#8217;adapter aux diff\u00e9rents \u00e2ges, capacit\u00e9s et niveaux de comp\u00e9tence.<\/p>\n<p>Les \u00e9l\u00e8ves continuent \u00e0 recevoir des cours particuliers au fur et \u00e0 mesure qu&#8217;ils progressent vers le passage de la ceinture.[\/vc_column_text][vc_empty_space height=&#8221;60px&#8221;][vc_btn title=&#8221;R\u00e9servez votre cours d&#8217;essai priv\u00e9 GRATUIT&#8221; style=&#8221;custom&#8221; custom_background=&#8221;#9f2b1e&#8221; custom_text=&#8221;#fafafa&#8221; size=&#8221;lg&#8221; align=&#8221;left&#8221; link=&#8221;url:http%3A%2F%2Fkungfucanada.ca%2F%3Fpage_id%3D1552%26lang%3Dfr|title:Contact&#8221;][\/vc_column][vc_column width=&#8221;1\/2&#8243;][vc_empty_space height=&#8221;60px&#8221;][vc_single_image image=&#8221;29&#8243; img_size=&#8221;full&#8221; alignment=&#8221;center&#8221; full_width=&#8221;yes&#8221;][vc_single_image image=&#8221;55&#8243; img_size=&#8221;full&#8221; alignment=&#8221;center&#8221; full_width=&#8221;yes&#8221;][\/vc_column][\/vc_row][vc_row type=&#8221;color&#8221; bg_color=&#8221;#211c1c&#8221; visibility=&#8221;hidden-xs,hidden-sm&#8221;][vc_column width=&#8221;1\/3&#8243;][vc_single_image image=&#8221;1315&#8243; img_size=&#8221;large&#8221;][\/vc_column][vc_column width=&#8221;1\/6&#8243;][vc_empty_space]<div class=\"text-right\" ><a class=\"kleo-icon-anchor\" href=\"https:\/\/www.youtube.com\/channel\/UCiZTyGMHBfs9FhVB1AJj22Q\" target=\"_blank\"><i class=\"icon-youtube-play icon-2x\"><\/i><\/a><\/div>[\/vc_column][vc_column width=&#8221;1\/6&#8243;][vc_empty_space]<div class=\"text-left\" ><a class=\"kleo-icon-anchor\" href=\"https:\/\/www.facebook.com\/KungFuCanada\" target=\"_blank\"><i class=\"icon-facebook icon-2x\"><\/i><\/a><\/div>[\/vc_column][vc_column width=&#8221;1\/3&#8243;][vc_custom_heading text=&#8221;Contactez-nous&#8221; font_container=&#8221;tag:h2|font_size:24px|text_align:left|color:%23fafafa&#8221; google_fonts=&#8221;font_family:EB%20Garamond%3Aregular|font_style:400%20regular%3A400%3Anormal&#8221; link=&#8221;url:https%3A%2F%2Fkungfu.capitalb.ca%2Findex.php%2Fcontactez-nous%2F|title:Contactez-nous&#8221;][vc_column_text text_color=&#8221;#b2b2b2&#8243;]<span style=\"color: #999999;\"><strong>Laval, Qu\u00e9bec:<\/strong> 514-207-3699<\/span><\/p>\n<p><span style=\"color: #999999;\"><strong>Victoria, BC:<\/strong> 778-967-3748<\/span>[\/vc_column_text][\/vc_column][\/vc_row][vc_row type=&#8221;color&#8221; bg_color=&#8221;#211c1c&#8221; visibility=&#8221;hidden-md,hidden-lg,hidden-xlg&#8221;][vc_column width=&#8221;1\/3&#8243;][vc_single_image image=&#8221;1315&#8243; img_size=&#8221;large&#8221;][\/vc_column][vc_column width=&#8221;1\/6&#8243;][vc_empty_space]<div class=\"text-center\" ><a class=\"kleo-icon-anchor\" href=\"https:\/\/www.youtube.com\/channel\/UCiZTyGMHBfs9FhVB1AJj22Q\" target=\"_blank\"><i class=\"icon-youtube-play icon-2x\"><\/i><\/a><\/div>[\/vc_column][vc_column width=&#8221;1\/6&#8243;][vc_empty_space]<div class=\"text-center\" ><a class=\"kleo-icon-anchor\" href=\"https:\/\/www.facebook.com\/KungFuCanada\" target=\"_blank\"><i class=\"icon-facebook icon-2x\"><\/i><\/a><\/div>[\/vc_column][vc_column width=&#8221;1\/3&#8243;][vc_custom_heading text=&#8221;Contactez-nous&#8221; font_container=&#8221;tag:h2|font_size:24px|text_align:left|color:%23fafafa&#8221; google_fonts=&#8221;font_family:EB%20Garamond%3Aregular|font_style:400%20regular%3A400%3Anormal&#8221; link=&#8221;url:https%3A%2F%2Fkungfu.capitalb.ca%2Findex.php%2Fcontactez-nous%2F|title:Contactez-nous&#8221;][vc_column_text text_color=&#8221;#b2b2b2&#8243;]<span style=\"color: #999999;\"><strong>Laval, Qu\u00e9bec:<\/strong> 514-207-3699<\/span><\/p>\n<p><span style=\"color: #999999;\"><strong>Victoria, BC:<\/strong> 778-967-3748<\/span>[\/vc_column_text][\/vc_column][\/vc_row]<\/p>\n","protected":false},"excerpt":{"rendered":"<p>[vc_row type=&#8221;color&#8221; bg_color=&#8221;#211c1c&#8221;][vc_column][vc_row_inner][vc_column_inner width=&#8221;1\/3&#8243;][vc_empty_space height=&#8221;60px&#8221;][vc_custom_heading text=&#8221;Cours &amp; Formations&#8221; font_container=&#8221;tag:h2|font_size:55px|text_align:center|color:%23fafafa|line_height:1.5&#8243; google_fonts=&#8221;font_family:EB%20Garamond%3Aregular|font_style:400%20regular%3A400%3Anormal&#8221;][vc_empty_space height=&#8221;60px&#8221;][vc_btn title=&#8221;S&#8217;inscrire&#8221; style=&#8221;custom&#8221; custom_background=&#8221;#9f2b1e&#8221; custom_text=&#8221;#fafafa&#8221; size=&#8221;lg&#8221; align=&#8221;center&#8221; link=&#8221;url:http%3A%2F%2Fkungfucanada.ca%2F%3Fpage_id%3D1552%26lang%3Dfr|title:Contact&#8221;][\/vc_column_inner][vc_column_inner width=&#8221;2\/3&#8243;][vc_single_image image=&#8221;930&#8243; img_size=&#8221;full&#8221; alignment=&#8221;center&#8221; full_width=&#8221;yes&#8221;][\/vc_column_inner][\/vc_row_inner][\/vc_column][\/vc_row][vc_row type=&#8221;color&#8221; bg_color=&#8221;#211c1c&#8221;][vc_column width=&#8221;1\/2&#8243;][vc_empty_space height=&#8221;60px&#8221;][vc_custom_heading text=&#8221;Nous sommes plus qu&#8217;une \u00e9cole.&#8221; font_container=&#8221;tag:h2|font_size:48px|text_align:left|color:%23fafafa|line_height:1.2&#8243; google_fonts=&#8221;font_family:EB%20Garamond%3Aregular|font_style:400%20regular%3A400%3Anormal&#8221;][vc_custom_heading text=&#8221;Nous sommes une famille.&#8221; font_container=&#8221;tag:h2|font_size:48px|text_align:left|color:%23fafafa|line_height:1.2&#8243; google_fonts=&#8221;font_family:EB%20Garamond%3Aregular|font_style:400%20regular%3A400%3Anormal&#8221;][vc_empty_space height=&#8221;15px&#8221;][vc_column_text text_color=&#8221;#fafafa&#8221; font_size=&#8221;17px&#8221; line_height=&#8221;1.5em&#8221;]Chez Kung-Fu Canada, nous croyons que les meilleurs r\u00e9sultats sont obtenus par l&#8217;encouragement et le soutien. Les [&hellip;]<\/p>\n","protected":false},"author":1,"featured_media":0,"parent":0,"menu_order":0,"comment_status":"closed","ping_status":"closed","template":"","meta":{"footnotes":""},"class_list":["post-1547","page","type-page","status-publish","hentry"],"_links":{"self":[{"href":"https:\/\/kungfucanada.ca\/index.php?rest_route=\/wp\/v2\/pages\/1547","targetHints":{"allow":["GET"]}}],"collection":[{"href":"https:\/\/kungfucanada.ca\/index.php?rest_route=\/wp\/v2\/pages"}],"about":[{"href":"https:\/\/kungfucanada.ca\/index.php?rest_route=\/wp\/v2\/types\/page"}],"author":[{"embeddable":true,"href":"https:\/\/kungfucanada.ca\/index.php?rest_route=\/wp\/v2\/users\/1"}],"replies":[{"embeddable":true,"href":"https:\/\/kungfucanada.ca\/index.php?rest_route=%2Fwp%2Fv2%2Fcomments&post=1547"}],"version-history":[{"count":4,"href":"https:\/\/kungfucanada.ca\/index.php?rest_route=\/wp\/v2\/pages\/1547\/revisions"}],"predecessor-version":[{"id":1677,"href":"https:\/\/kungfucanada.ca\/index.php?rest_route=\/wp\/v2\/pages\/1547\/revisions\/1677"}],"wp:attachment":[{"href":"https:\/\/kungfucanada.ca\/index.php?rest_route=%2Fwp%2Fv2%2Fmedia&parent=1547"}],"curies":[{"name":"wp","href":"https:\/\/api.w.org\/{rel}","templated":true}]}}