{"id":1543,"date":"2024-03-13T13:02:21","date_gmt":"2024-03-13T13:02:21","guid":{"rendered":"https:\/\/kungfu.capitalb.ca\/?page_id=1543"},"modified":"2024-03-13T13:02:21","modified_gmt":"2024-03-13T13:02:21","slug":"maitre-joe-sblano","status":"publish","type":"page","link":"https:\/\/kungfucanada.ca\/?page_id=1543","title":{"rendered":"Ma\u00eetre Joe Sblano"},"content":{"rendered":"<p>[vc_row el_id=&#8221;Master&#8221; type=&#8221;color&#8221; bg_color=&#8221;#211c1c&#8221;][vc_column][vc_row_inner][vc_column_inner width=&#8221;1\/4&#8243;][\/vc_column_inner][vc_column_inner width=&#8221;1\/2&#8243;][vc_single_image image=&#8221;918&#8243; img_size=&#8221;full&#8221; alignment=&#8221;center&#8221;][vc_empty_space height=&#8221;40px&#8221;][vc_custom_heading text=&#8221;Ma\u00eetre Joe Sblano&#8221; font_container=&#8221;tag:h2|font_size:50px|text_align:center|color:%23fafafa&#8221; google_fonts=&#8221;font_family:EB%20Garamond%3Aregular|font_style:400%20regular%3A400%3Anormal&#8221;][vc_empty_space height=&#8221;20px&#8221;][vc_column_text text_color=&#8221;#fafafa&#8221; font_size=&#8221;17px&#8221; line_height=&#8221;1.5em&#8221; letter_spacing=&#8221;50&#8243;]Ma\u00eetre Joe Sblano a commenc\u00e9 sa formation en arts martiaux en 1980 en \u00e9tudiant le Kajukenbo avant de rejoindre Kung-Fu Canada en 1985 o\u00f9 il a \u00e9tudi\u00e9 avec le Grand Ma\u00eetre O&#8217;Brien. Il est l&#8217;un des trois seuls \u00e9tudiants de l&#8217;\u00e9cole \u00e0 avoir obtenu une ma\u00eetrise.<\/p>\n<p>Ma\u00eetre Sblano a \u00e9tudi\u00e9 le grappling sous la direction de M. Angelo Exarhakos. Il a suivi une formation approfondie en arts martiaux, notamment en Jiu Jitsu br\u00e9silien : Jiu Jitsu br\u00e9silien, Wing Chun, Escrima et Hanbojutsu, ainsi que Qi Gong, Tai Chi et pratiques m\u00e9ditatives orientales.<\/p>\n<p style=\"text-align: center;\"><span class=\"wixui-rich-text__text\">\u00a0<\/span><\/p>\n<p>[\/vc_column_text][\/vc_column_inner][vc_column_inner width=&#8221;1\/4&#8243;][\/vc_column_inner][\/vc_row_inner][vc_column_inner][\/vc_column_inner][vc_column_inner width=&#8221;1\/4&#8243;][\/vc_column_inner][vc_empty_space][vc_masonry_media_grid element_width=&#8221;3&#8243; grid_id=&#8221;vc_gid:1710450454776-72d20794-1e75-6&#8243; el_class=&#8221;nodet&#8221; include=&#8221;1391,1390,919,1386,1387,1392,1388&#8243;][\/vc_column][\/vc_row][vc_row type=&#8221;color&#8221; bg_color=&#8221;#211c1c&#8221; visibility=&#8221;hidden-xs,hidden-sm&#8221;][vc_column width=&#8221;1\/3&#8243;][vc_single_image image=&#8221;1315&#8243; img_size=&#8221;large&#8221;][\/vc_column][vc_column width=&#8221;1\/6&#8243;][vc_empty_space]<div class=\"text-right\" ><a class=\"kleo-icon-anchor\" href=\"https:\/\/www.youtube.com\/channel\/UCiZTyGMHBfs9FhVB1AJj22Q\" target=\"_blank\"><i class=\"icon-youtube-play icon-2x\"><\/i><\/a><\/div>[\/vc_column][vc_column width=&#8221;1\/6&#8243;][vc_empty_space]<div class=\"text-left\" ><a class=\"kleo-icon-anchor\" href=\"https:\/\/www.facebook.com\/KungFuCanada\" target=\"_blank\"><i class=\"icon-facebook icon-2x\"><\/i><\/a><\/div>[\/vc_column][vc_column width=&#8221;1\/3&#8243;][vc_custom_heading text=&#8221;Contactez-nous&#8221; font_container=&#8221;tag:h2|font_size:24px|text_align:left|color:%23fafafa&#8221; google_fonts=&#8221;font_family:EB%20Garamond%3Aregular|font_style:400%20regular%3A400%3Anormal&#8221;][vc_column_text text_color=&#8221;#b2b2b2&#8243;]<span style=\"color: #999999;\"><strong>Laval, Qu\u00e9bec:<\/strong> 514-207-3699<\/span><\/p>\n<p><span style=\"color: #999999;\"><strong>Victoria, BC:<\/strong> 778-967-3748<\/span>[\/vc_column_text][\/vc_column][\/vc_row][vc_row type=&#8221;color&#8221; bg_color=&#8221;#211c1c&#8221; visibility=&#8221;hidden-md,hidden-lg,hidden-xlg&#8221;][vc_column width=&#8221;1\/3&#8243;][vc_single_image image=&#8221;1315&#8243; img_size=&#8221;large&#8221;][\/vc_column][vc_column width=&#8221;1\/6&#8243;][vc_empty_space]<div class=\"text-center\" ><a class=\"kleo-icon-anchor\" href=\"https:\/\/www.youtube.com\/channel\/UCiZTyGMHBfs9FhVB1AJj22Q\" target=\"_blank\"><i class=\"icon-youtube-play icon-2x\"><\/i><\/a><\/div>[\/vc_column][vc_column width=&#8221;1\/6&#8243;][vc_empty_space]<div class=\"text-center\" ><a class=\"kleo-icon-anchor\" href=\"https:\/\/www.facebook.com\/KungFuCanada\" target=\"_blank\"><i class=\"icon-facebook icon-2x\"><\/i><\/a><\/div>[\/vc_column][vc_column width=&#8221;1\/3&#8243;][vc_custom_heading text=&#8221;Contactez-nous&#8221; font_container=&#8221;tag:h2|font_size:24px|text_align:left|color:%23fafafa&#8221; google_fonts=&#8221;font_family:EB%20Garamond%3Aregular|font_style:400%20regular%3A400%3Anormal&#8221;][vc_column_text text_color=&#8221;#b2b2b2&#8243;]<span style=\"color: #999999;\"><strong>Laval, Qu\u00e9bec:<\/strong> 514-207-3699<\/span><\/p>\n<p><span style=\"color: #999999;\"><strong>Victoria, BC:<\/strong> 778-967-3748<\/span>[\/vc_column_text][\/vc_column][\/vc_row]<\/p>\n","protected":false},"excerpt":{"rendered":"<p>[vc_row el_id=&#8221;Master&#8221; type=&#8221;color&#8221; bg_color=&#8221;#211c1c&#8221;][vc_column][vc_row_inner][vc_column_inner width=&#8221;1\/4&#8243;][\/vc_column_inner][vc_column_inner width=&#8221;1\/2&#8243;][vc_single_image image=&#8221;918&#8243; img_size=&#8221;full&#8221; alignment=&#8221;center&#8221;][vc_empty_space height=&#8221;40px&#8221;][vc_custom_heading text=&#8221;Ma\u00eetre Joe Sblano&#8221; font_container=&#8221;tag:h2|font_size:50px|text_align:center|color:%23fafafa&#8221; google_fonts=&#8221;font_family:EB%20Garamond%3Aregular|font_style:400%20regular%3A400%3Anormal&#8221;][vc_empty_space height=&#8221;20px&#8221;][vc_column_text text_color=&#8221;#fafafa&#8221; font_size=&#8221;17px&#8221; line_height=&#8221;1.5em&#8221; letter_spacing=&#8221;50&#8243;]Ma\u00eetre Joe Sblano a commenc\u00e9 sa formation en arts martiaux en 1980 en \u00e9tudiant le Kajukenbo avant de rejoindre Kung-Fu Canada en 1985 o\u00f9 il a \u00e9tudi\u00e9 avec le Grand Ma\u00eetre O&#8217;Brien. Il est l&#8217;un des trois seuls \u00e9tudiants de l&#8217;\u00e9cole [&hellip;]<\/p>\n","protected":false},"author":1,"featured_media":0,"parent":0,"menu_order":0,"comment_status":"closed","ping_status":"closed","template":"","meta":{"footnotes":""},"class_list":["post-1543","page","type-page","status-publish","hentry"],"_links":{"self":[{"href":"https:\/\/kungfucanada.ca\/index.php?rest_route=\/wp\/v2\/pages\/1543","targetHints":{"allow":["GET"]}}],"collection":[{"href":"https:\/\/kungfucanada.ca\/index.php?rest_route=\/wp\/v2\/pages"}],"about":[{"href":"https:\/\/kungfucanada.ca\/index.php?rest_route=\/wp\/v2\/types\/page"}],"author":[{"embeddable":true,"href":"https:\/\/kungfucanada.ca\/index.php?rest_route=\/wp\/v2\/users\/1"}],"replies":[{"embeddable":true,"href":"https:\/\/kungfucanada.ca\/index.php?rest_route=%2Fwp%2Fv2%2Fcomments&post=1543"}],"version-history":[{"count":0,"href":"https:\/\/kungfucanada.ca\/index.php?rest_route=\/wp\/v2\/pages\/1543\/revisions"}],"wp:attachment":[{"href":"https:\/\/kungfucanada.ca\/index.php?rest_route=%2Fwp%2Fv2%2Fmedia&parent=1543"}],"curies":[{"name":"wp","href":"https:\/\/api.w.org\/{rel}","templated":true}]}}